{"id":257,"date":"2023-02-20T11:18:09","date_gmt":"2023-02-20T14:18:09","guid":{"rendered":"https:\/\/graficarapidajau.com.br\/orcamento\/?post_type=product&#038;p=257"},"modified":"2023-02-20T19:34:15","modified_gmt":"2023-02-20T22:34:15","slug":"panfleto-flyer-folheto-folder","status":"publish","type":"product","link":"https:\/\/graficarapidajau.com.br\/orcamento\/produto\/panfleto-flyer-folheto-folder\/","title":{"rendered":"Panfleto, Flyer, Folheto e Folder"},"content":{"rendered":"<p>A impress\u00e3o do<b> folhetos, folders, flyers e panfletos<\/b>\u00a0pode ser feita em 4&#215;0 (colorido na frente e verso em branco) e 4&#215;4 (colorido frente e verso), escolha a que melhor se adequa ao seu estilo!<\/p>\n<p>Ter materiais gr\u00e1ficos como <b>folhetos, folders, flyers e panfletos<\/b> bem elaborados \u00e9 o segredo para uma campanha de divulga\u00e7\u00e3o de sucesso. Elabore um layout que mantenha a identidade da sua empresa, visando sempre inserir as informa\u00e7\u00f5es essenciais e de f\u00e1cil entendimento.<\/p>\n<p>Divulgar ofertas rel\u00e2mpago e programas de fidelidade \u00e9 uma excelente estrat\u00e9gia para a utiliza\u00e7\u00e3o de materiais impressos, pois, com o design atrativo, pode se causar a sensa\u00e7\u00e3o de urg\u00eancia em seus clientes, j\u00e1 que determinados produtos est\u00e3o em promo\u00e7\u00e3o.<\/p>\n<p>&nbsp;<\/p>\n","protected":false},"excerpt":{"rendered":"<p><strong>Conhe\u00e7a seus Folhetos Personalizados:<\/strong><\/p>\n<ul>\n<li>Couch\u00e9 brilho: uma tradi\u00e7\u00e3o que simplesmente mostra que voc\u00ea prioriza o que tem de melhor, quando o assunto \u00e9 divulga\u00e7\u00e3o.<\/li>\n<li>Diversas gramaturas: s\u00e3o m\u00faltiplas escolhas, dispon\u00edveis em 90g, 115g, 150g e 250g.<\/li>\n<li>Impress\u00e3o 4&#215;0: revela objetividade para comunicar com o seu p\u00fablico, adotando impress\u00f5es coloridas na parte da frente.<\/li>\n<li>Impress\u00e3o 4&#215;1: define um estilo inovador que permite brincar com as cores, usando um belo colorido na frente, e, preto e branco no verso.<\/li>\n<li>Impress\u00e3o 4&#215;4: uma impress\u00e3o ainda mais completa, que oferece um lindo colorido na frente e no verso.<\/li>\n<li>Refile: o corte reto bem feitinho que nunca sai de moda.<\/li>\n<li>Sem cobertura: um modelo sem verniz e sem lamina\u00e7\u00e3o, que acaba sendo bem econ\u00f4mico.<\/li>\n<li>Tiragens: desde pequenas a grandes quantidades para o seu neg\u00f3cio.<\/li>\n<\/ul>\n","protected":false},"featured_media":292,"comment_status":"open","ping_status":"closed","template":"","meta":[],"product_brand":[],"product_cat":[27],"product_tag":[],"class_list":{"0":"post-257","1":"product","2":"type-product","3":"status-publish","4":"has-post-thumbnail","6":"product_cat-flyers-e-panfletos-e-folhetos","8":"first","9":"instock","10":"shipping-taxable","11":"product-type-simple"},"_links":{"self":[{"href":"https:\/\/graficarapidajau.com.br\/orcamento\/wp-json\/wp\/v2\/product\/257","targetHints":{"allow":["GET"]}}],"collection":[{"href":"https:\/\/graficarapidajau.com.br\/orcamento\/wp-json\/wp\/v2\/product"}],"about":[{"href":"https:\/\/graficarapidajau.com.br\/orcamento\/wp-json\/wp\/v2\/types\/product"}],"replies":[{"embeddable":true,"href":"https:\/\/graficarapidajau.com.br\/orcamento\/wp-json\/wp\/v2\/comments?post=257"}],"wp:featuredmedia":[{"embeddable":true,"href":"https:\/\/graficarapidajau.com.br\/orcamento\/wp-json\/wp\/v2\/media\/292"}],"wp:attachment":[{"href":"https:\/\/graficarapidajau.com.br\/orcamento\/wp-json\/wp\/v2\/media?parent=257"}],"wp:term":[{"taxonomy":"product_brand","embeddable":true,"href":"https:\/\/graficarapidajau.com.br\/orcamento\/wp-json\/wp\/v2\/product_brand?post=257"},{"taxonomy":"product_cat","embeddable":true,"href":"https:\/\/graficarapidajau.com.br\/orcamento\/wp-json\/wp\/v2\/product_cat?post=257"},{"taxonomy":"product_tag","embeddable":true,"href":"https:\/\/graficarapidajau.com.br\/orcamento\/wp-json\/wp\/v2\/product_tag?post=257"}],"curies":[{"name":"wp","href":"https:\/\/api.w.org\/{rel}","templated":true}]}}