{"id":254,"date":"2023-02-20T10:57:19","date_gmt":"2023-02-20T13:57:19","guid":{"rendered":"https:\/\/graficarapidajau.com.br\/orcamento\/produto\/hoodie-with-logo\/"},"modified":"2023-02-20T19:40:21","modified_gmt":"2023-02-20T22:40:21","slug":"cartao-de-visita","status":"publish","type":"product","link":"https:\/\/graficarapidajau.com.br\/orcamento\/produto\/cartao-de-visita\/","title":{"rendered":"Cart\u00e3o de Visita"},"content":{"rendered":"<p dir=\"ltr\">Nossos cart\u00f5es de visita s\u00e3o personalizados para promover o seu neg\u00f3cio de uma forma incr\u00edvel!<\/p>\n<p dir=\"ltr\">N\u00e3o importa se come\u00e7ou a empreender agora ou se j\u00e1 tem anos de empresa. O que importa de verdade \u00e9 que voc\u00ea precisa divulgar sua marca para que ela seja lembrada a curto, m\u00e9dio e longo prazo. E o <b>cart\u00e3o de visita<\/b> cumpre perfeitamente essa fun\u00e7\u00e3o!<\/p>\n<p dir=\"ltr\">Os <b>cart\u00f5es de visita<\/b>\u00a0t\u00eam uma maestria sem igual de convidar o cliente a ter um futuro contato com a empresa.<\/p>\n<p dir=\"ltr\">Normalmente, os cart\u00f5es s\u00e3o personalizados com o nome, logo, telefone, endere\u00e7o, redes sociais, servi\u00e7os\/produtos e um slogan. Basta imprimir essas informa\u00e7\u00f5es que a empresa est\u00e1 prontinha para receber v\u00e1rios contatos e fechar diversos contratos de vendas e parcerias. At\u00e9 porque, o seu maior objetivo \u00e9 conquistar clientes e lucrar, n\u00e3o \u00e9 verdade?!<\/p>\n<p dir=\"ltr\">Por isso, siga a nossa dica de empreendedorismo: tenha sempre <b>cart\u00f5es de visita<\/b> na sua carteira para deixar o seu contato ap\u00f3s uma reuni\u00e3o de neg\u00f3cios e at\u00e9 depois de um bate-papo informal.<\/p>\n","protected":false},"excerpt":{"rendered":"<p><strong>Conhe\u00e7a seus Cart\u00f5es de Visita Personalizados:<\/strong><\/p>\n<ul>\n<li>Couch\u00e9 brilho: esse lindo cart\u00e3o de visita j\u00e1 possui um brilho natural do pr\u00f3prio papel em couch\u00e9.<\/li>\n<li>Tipos de cobertura: uma apresenta\u00e7\u00e3o mais brilhosa na frente fica perfeita em modelos de cart\u00f5es com verniz total apenas frente,\u00a0frente e verso ou sem cobertura.<\/li>\n<li>Medida 43x48mm: o design \u00e9 bem delicado, que combina com a suavidade de suas espessuras 250g ou 300g.<\/li>\n<li>Medida 48x88mm: o mais belo e tradicional formato que tamb\u00e9m oferece variedades de gramaturas.<\/li>\n<li>Impress\u00e3o 4&#215;0: a cria\u00e7\u00e3o \u00e9 feita em um lado s\u00f3 e ainda pode ser com cores diversas.<\/li>\n<li>Impress\u00e3o 4&#215;1: demonstra um lindo contraste entre uma arte impressa colorida na frente com verniz total brilho frente, e o verso, preto e branco, sem aplica\u00e7\u00e3o de brilho extra.<\/li>\n<li>Impress\u00e3o 4&#215;4: essa \u00e9 a sua chance de personalizar do jeito que voc\u00ea quiser, e com muitas cores, nos dois lados do cart\u00e3o.<\/li>\n<li>Tipos de acabamento: possui o corte reto e o corte especial.<\/li>\n<li>V\u00e1rias tiragens: \u00e9 s\u00f3 escolher a quantidade que precisa para divulgar a sua marca.<\/li>\n<\/ul>\n","protected":false},"featured_media":293,"comment_status":"open","ping_status":"closed","template":"","meta":[],"product_brand":[],"product_cat":[24],"product_tag":[],"class_list":{"0":"post-254","1":"product","2":"type-product","3":"status-publish","4":"has-post-thumbnail","6":"product_cat-cartoes-de-visita","8":"first","9":"instock","10":"shipping-taxable","11":"product-type-simple"},"_links":{"self":[{"href":"https:\/\/graficarapidajau.com.br\/orcamento\/wp-json\/wp\/v2\/product\/254","targetHints":{"allow":["GET"]}}],"collection":[{"href":"https:\/\/graficarapidajau.com.br\/orcamento\/wp-json\/wp\/v2\/product"}],"about":[{"href":"https:\/\/graficarapidajau.com.br\/orcamento\/wp-json\/wp\/v2\/types\/product"}],"replies":[{"embeddable":true,"href":"https:\/\/graficarapidajau.com.br\/orcamento\/wp-json\/wp\/v2\/comments?post=254"}],"wp:featuredmedia":[{"embeddable":true,"href":"https:\/\/graficarapidajau.com.br\/orcamento\/wp-json\/wp\/v2\/media\/293"}],"wp:attachment":[{"href":"https:\/\/graficarapidajau.com.br\/orcamento\/wp-json\/wp\/v2\/media?parent=254"}],"wp:term":[{"taxonomy":"product_brand","embeddable":true,"href":"https:\/\/graficarapidajau.com.br\/orcamento\/wp-json\/wp\/v2\/product_brand?post=254"},{"taxonomy":"product_cat","embeddable":true,"href":"https:\/\/graficarapidajau.com.br\/orcamento\/wp-json\/wp\/v2\/product_cat?post=254"},{"taxonomy":"product_tag","embeddable":true,"href":"https:\/\/graficarapidajau.com.br\/orcamento\/wp-json\/wp\/v2\/product_tag?post=254"}],"curies":[{"name":"wp","href":"https:\/\/api.w.org\/{rel}","templated":true}]}}